{"id":41,"date":"2025-09-07T18:17:35","date_gmt":"2025-09-07T18:17:35","guid":{"rendered":"https:\/\/redisinper.org\/index.php\/home\/"},"modified":"2026-02-16T02:58:16","modified_gmt":"2026-02-16T02:58:16","slug":"inicio","status":"publish","type":"page","link":"https:\/\/redisinper.org\/","title":{"rendered":"Inicio"},"content":{"rendered":"\n\n\n<p>Lorem Ipsum has been the industry&#8217;s standard dummy text ever since the 1500s.<\/p>\n<h6>Gas Natural<\/h6>\n\n\n\n<h6>Proyectos<\/h6>\n\n\n\n<h6>Aulas Virtuales<\/h6>\n\n\n\n\n<h6>Acerca de nosotros&#8230;&#8230;<\/h6>\n<h2>Trabajamos en beneficio de su empresa<\/h2>\n<p>Todo nuestro personal est\u00e1 calificado para cada una de las funciones que desempe\u00f1a dentro de nuestra empresa seg\u00fan el \u00e1rea al que pertenezca.\nDesarrollamos continuamente estrategias de servicio, implementaci\u00f3n y desarrollo empresarial, con la finalidad dee poder brindar un buen servicio a nuestros clientes, logrando as\u00ed un continuo mejoramiento en sus empresas.<\/p>\n\n\n<p>Contamos con m\u00e1s de 5 a\u00f1os de experiencia, lo cual nos permite desarrollar proyectos e implementar soluciones para cada una de las necesidades de nuestros clientes. <\/p>\n\n\n<p>Cada proyecto que realizamos, es planificado y dise\u00f1ado estrat\u00e9gicamente por nuestro personal, de manera que genere un beneficio econ\u00f3mico a nuestros clientes y una mejora continua en sus servicios. <\/p>\n\n\n\n\n\n\n\n\n\n<h4>Calidad Total con la experiencia de nuestro CEO<\/h4>\n<h6><span style=\"font-size: 16px;\">El Ing. Luis Camacho, cuenta con m\u00e1s de 20 a\u00f1os en el rubro del gas natural. En Per\u00fa ha sido director de \u00e1reas como: Residenciales, Multifamiliares, comercios y revisiones quinquenales en la empresa P.A Per\u00fa S.A.C. (Empresa contratista de Calidda)<\/span><\/h6><p _msttexthash=\"380606993\" _msthash=\"24145\"> Con su desempe\u00f1o la empresa a prestado apoyo comercial y t\u00e9cnico a empresas FISE en la cuidad de Lima y tambi\u00e9n ha estado el programa Bonogas FISE, en Cajamarca realizando un desempe\u00f1o ordenado y muy importante para nosotros. <br _istranslated=\"1\"> El ing. Luis Camacho cuenta con: DIPLOMADO DE DISE\u00d1O DE REDES DE GAS Y DESARROLLO SOSTENIBLE &#8211; DIPLOMADO EN PROGRAMACI\u00d3N NEUROLING\u00dc\u00cdSTICA PNL &#8211; DIPLOMADO DE COACHING EMPRESARIAL. <br _istranslated=\"1\"> En Colombia ha desempe\u00f1ado cargos como CEO de Eduquemos Educando, llevando programas de capacitaci\u00f3n virtual en \u00e1reas de herramientas ofim\u00e1ticas como Word, Access y Excel a poblaciones vulnerables. <br _istranslated=\"1\"> Se desempe\u00f1o como docente de la carrera de t\u00e9cnicos en sistemas en la fundaci\u00f3n FUERSAC en la cuidad de Pradera &#8211; Colombia<br _istranslated=\"1\"> Tambi\u00e9n se ha desempe\u00f1ado como director y analista de proyectos. Realizando planteamientos de problemas, competitividad y viabilidad financiera de los proyectos de servicio a la comunidad. <\/p>\n<h2>Nuestros Servicios\n<\/h2>\n\n\n<p>Instalaciones residenciales, multifamiliares, comerciales, industriales y de alto consumo como lo son las estaciones de GNV (Gas Natural Vehicular).<\/p>\n\n\n<p>Asesoramos, planificamos y desarrollamos proyectos para su empresa de una forma eficiente para usted.<\/p>\n\n\n<p>Tenemos en cuenta la necesidad de nuestro cliente y en base a esto desarrollamos el curso que solicita.<\/p>\n\n\n\n\n\n\n<h6>Planificaci\u00f3n organizacional<\/h6>\n<h2>Nuestro Objetivo<\/h2>\n<p>Mediante un trabajo organizado y la implementaci\u00f3n de tecnolog\u00edas, nuestro equipo de trabajo estar\u00e1 desarrollando los proyectos de nuestros clientes.\nEl grupo de trabajo de REDISINPER E.I.R.L constantemente planea y desarrolla nuevas estrategias de trabajo para as\u00ed brindar a nuestros clientes la soluci\u00f3n para mejorar la productividad y servicio de su empresa.\n<\/p>\n\n\n\n\n<p>En el a\u00f1o 2027 estar prestando nuestros servicios en diferentes zonas del Per\u00fa y ser una empresa de apoyo log\u00edstico y de desarrollo de proyectos siempre teniendo presentes nuestros valores.\n<\/p>\n\nHonestidad &#8211; Compromiso\nTransparencia &#8211; Sentido de Pertenencia\nResponsabilidad &#8211; Lealtad\n\n\n\n\n\n\n\n<p>Promover la inversi\u00f3n nacional y extranjera en el Per\u00fa, fortaleciendo las \u00e1reas de construcci\u00f3n civil, el rubro de la energ\u00eda renovable y el gas natural. Todo mediante la prestaci\u00f3n de servicios especializados. <\/p>\n\n\n\n\n\n\n<p>Mediante un trabajo organizado y la implementaci\u00f3n de tecnolog\u00edas, nuestro equipo de trabajo estar\u00e1 desarrollando los proyectos de nuestros clientes.\nEl grupo de trabajo de REDISINPER E.I.R.L constantemente planea y desarrolla nuevas estrategias de trabajo para as\u00ed brindar a nuestros clientes la soluci\u00f3n para mejorar la productividad y servicio de su empresa.\n<\/p>\n\n\n\n\n\n\n\n\n\n\n\n\n\n\n<h6>Nuestro Crecimiento Anual<\/h6>\n<h2>Nuestro crecimiento empresarial es realmente importante<\/h2>\n\n\n\n\n\n\n\n\n\n<h6>EQUIPO DE TRABAJO<\/h6>\n<p>Todo el personal de la organizaci\u00f3n est\u00e1 calificado y cuentan con la experiencia para los cargos que ocupan y las responsabilidades que estos cargos requiere.<\/p>\n\n\n\n\n\n\n\n\n<h6>Bienvenido<\/h6>\n<h2>Solicite Informaci\u00f3n de Nuestros Servicios<\/h2>\n<p>Realice su consulta y con gusto estaremos respoindiendo en la brevedad posible. Importante que no olvide seleccionar el \u00e9rea al cual va dirigida la consulta<\/p>\n\n\n\n\n\n\n\n\n\n\n\n<h6>Testimonios<\/h6>\n<h2>De Nuestros Clientes<\/h2>\n\n\n<p><span style=\"line-height: 1.5;\">&#8230;<\/p>\n\n\n<p><span style=\"line-height: 1.5;\">&#8230;<\/span><\/p>\n\n\n<p><span style=\"line-height: 1.5;\">&#8230;<\/span><\/p>\n\n\n\n\n","protected":false},"excerpt":{"rendered":"","protected":false},"author":1,"featured_media":0,"parent":0,"menu_order":0,"comment_status":"closed","ping_status":"closed","template":"","meta":{"pagelayer_contact_templates":{"py04973":{"from_email":"$email","cont_subject":"Home-form","cont_header":"$name,$email,$phone,$select,$subject","cont_use_html":"true"}},"_pagelayer_content":"","footnotes":""},"class_list":["post-41","page","type-page","status-publish","hentry"],"_links":{"self":[{"href":"https:\/\/redisinper.org\/index.php\/wp-json\/wp\/v2\/pages\/41","targetHints":{"allow":["GET"]}}],"collection":[{"href":"https:\/\/redisinper.org\/index.php\/wp-json\/wp\/v2\/pages"}],"about":[{"href":"https:\/\/redisinper.org\/index.php\/wp-json\/wp\/v2\/types\/page"}],"author":[{"embeddable":true,"href":"https:\/\/redisinper.org\/index.php\/wp-json\/wp\/v2\/users\/1"}],"replies":[{"embeddable":true,"href":"https:\/\/redisinper.org\/index.php\/wp-json\/wp\/v2\/comments?post=41"}],"version-history":[{"count":21,"href":"https:\/\/redisinper.org\/index.php\/wp-json\/wp\/v2\/pages\/41\/revisions"}],"predecessor-version":[{"id":151,"href":"https:\/\/redisinper.org\/index.php\/wp-json\/wp\/v2\/pages\/41\/revisions\/151"}],"wp:attachment":[{"href":"https:\/\/redisinper.org\/index.php\/wp-json\/wp\/v2\/media?parent=41"}],"curies":[{"name":"wp","href":"https:\/\/api.w.org\/{rel}","templated":true}]}}